{"id":4871,"date":"2024-08-15T12:02:43","date_gmt":"2024-08-15T12:02:43","guid":{"rendered":"https:\/\/llimonacasa.com\/nosotros\/"},"modified":"2024-09-13T16:04:49","modified_gmt":"2024-09-13T16:04:49","slug":"nous","status":"publish","type":"page","link":"https:\/\/llimonacasa.com\/fr\/nous\/","title":{"rendered":"nous"},"content":{"rendered":"\n<style type=\"text\/css\" data-created_by=\"avia_inline_auto\" id=\"style-css-av-lzwefg4q-3fd89cb5b45bfb6bf93361751464ef7e\">\n.avia-section.av-lzwefg4q-3fd89cb5b45bfb6bf93361751464ef7e{\nbackground-repeat:no-repeat;\nbackground-image:url(https:\/\/llimonacasa.com\/wp-content\/uploads\/2024\/08\/pepe_torres.png);\nbackground-position:50% 0%;\nbackground-attachment:scroll;\nmargin-top:0px;\nmargin-bottom:0px;\n}\n.avia-section.av-lzwefg4q-3fd89cb5b45bfb6bf93361751464ef7e .av-section-color-overlay{\nopacity:0.7;\nbackground-color:#000000;\n}\n<\/style>\n<div id='av_section_1'  class='avia-section av-lzwefg4q-3fd89cb5b45bfb6bf93361751464ef7e main_color avia-section-no-padding avia-no-border-styling  avia-builder-el-0  el_before_av_section  avia-builder-el-first  av-medium-hide av-small-hide av-mini-hide avia-full-stretch avia-bg-style-scroll av-section-color-overlay-active av-minimum-height av-minimum-height-75 av-height-75  container_wrap fullsize'  data-section-bg-repeat='stretch' data-av_minimum_height_pc='75' data-av_min_height_opt='75'><div class=\"av-section-color-overlay-wrap\"><div class=\"av-section-color-overlay\"><\/div><div class='container av-section-cont-open' ><main  role=\"main\" itemprop=\"mainContentOfPage\"  class='template-page content  av-content-full alpha units'><div class='post-entry post-entry-type-page post-entry-4871'><div class='entry-content-wrapper clearfix'>\n<div  id=\"proudly\"  class='flex_column av-lzwepvt7-eef774abc10764b4b0cc4a0fc7e4a211 av_one_fifth  avia-builder-el-1  el_before_av_three_fifth  avia-builder-el-first  first no_margin flex_column_div av-column-min-height-pc  '  data-av-column-min-height=\"{&quot;column-min-pc&quot;:&quot;70%&quot;,&quot;column-equal-height&quot;:false}\"   ><\/div><div  class='flex_column av-5k559s-2d31e21c823150e351de2bf08a041540 av_three_fifth  avia-builder-el-2  el_after_av_one_fifth  el_before_av_one_fifth  content-bottom no_margin flex_column_div av-column-min-height-pc  '  data-av-column-min-height=\"{&quot;column-min-pc&quot;:&quot;100%&quot;,&quot;column-equal-height&quot;:false}\"   ><style type=\"text\/css\" data-created_by=\"avia_inline_auto\" id=\"style-css-av-4p18ww-49b77db8a013c40cc5e1ef5ae11a5d4f\">\n#top .av_textblock_section.av-4p18ww-49b77db8a013c40cc5e1ef5ae11a5d4f .avia_textblock{\nfont-size:16px;\n}\n<\/style>\n<section  class='av_textblock_section av-4p18ww-49b77db8a013c40cc5e1ef5ae11a5d4f '   itemscope=\"itemscope\" itemtype=\"https:\/\/schema.org\/CreativeWork\" ><div class='avia_textblock'  itemprop=\"text\" ><p>fond\u00e9 en 2020 par Jordi Aguilar et Pepe Torres, Ilimona.casa est un studio de design d&rsquo;int\u00e9rieur et de d\u00e9coration bas\u00e9 dans le Baix Empord\u00e0 dont l&rsquo;objectif principal est le design intemporel pour les espaces r\u00e9sidentiels et commerciaux, leur travail entrelace des \u00e9l\u00e9ments fonctionnels avec des touches contemporaines et artisanales<\/p>\n<blockquote>\n<p>\u00ab\u00a0chez <strong>llimona.casa<\/strong>, nous transformons les maisons et les entreprises en espaces uniques\u00a0\u00bb<\/p>\n<\/blockquote>\n<\/div><\/section><\/div><div  id=\"proudly\"  class='flex_column av-31geeo-61e669ef0100b3a6e058d49aa7dd0718 av_one_fifth  avia-builder-el-4  el_after_av_three_fifth  avia-builder-el-last  no_margin flex_column_div av-column-min-height-pc  '  data-av-column-min-height=\"{&quot;column-min-pc&quot;:&quot;70%&quot;,&quot;column-equal-height&quot;:false}\"   ><\/div>\n\n<\/div><\/div><\/main><!-- close content main element --><\/div><\/div><\/div>\n<style type=\"text\/css\" data-created_by=\"avia_inline_auto\" id=\"style-css-av-m0p4hual-2e916f620ef7c0a29bcd9b89feb0c0a9\">\n.avia-section.av-m0p4hual-2e916f620ef7c0a29bcd9b89feb0c0a9{\nmargin-top:0px;\nmargin-bottom:0px;\n}\n.avia-section.av-m0p4hual-2e916f620ef7c0a29bcd9b89feb0c0a9 .av-section-color-overlay{\nopacity:0.7;\nbackground-color:#000000;\n}\n<\/style>\n<div id='fullwidth'  class='avia-section av-m0p4hual-2e916f620ef7c0a29bcd9b89feb0c0a9 main_color avia-section-no-padding avia-no-border-styling  avia-builder-el-5  el_after_av_section  el_before_av_layout_row  av-desktop-hide avia-bg-style-scroll av-section-color-overlay-active container_wrap fullsize'  ><div class=\"av-section-color-overlay-wrap\"><div class=\"av-section-color-overlay\"><\/div><div class='container av-section-cont-open' ><div class='template-page content  av-content-full alpha units'><div class='post-entry post-entry-type-page post-entry-4871'><div class='entry-content-wrapper clearfix'>\n\n<style type=\"text\/css\" data-created_by=\"avia_inline_auto\" id=\"style-css-av-m0p4u1rq-45991c0ecb9a6028483405e8b329bf90\">\n#top .hr.hr-invisible.av-m0p4u1rq-45991c0ecb9a6028483405e8b329bf90{\nheight:80px;\n}\n<\/style>\n<div  class='hr av-m0p4u1rq-45991c0ecb9a6028483405e8b329bf90 hr-invisible  avia-builder-el-6  el_before_av_image  avia-builder-el-first '><span class='hr-inner '><span class=\"hr-inner-style\"><\/span><\/span><\/div>\n\n<style type=\"text\/css\" data-created_by=\"avia_inline_auto\" id=\"style-css-av-m0p4sn11-f8dbafcc07e8bd825978f5d11bbe3455\">\n.avia-image-container.av-m0p4sn11-f8dbafcc07e8bd825978f5d11bbe3455 img.avia_image{\nbox-shadow:none;\n}\n.avia-image-container.av-m0p4sn11-f8dbafcc07e8bd825978f5d11bbe3455 .av-image-caption-overlay-center{\ncolor:#ffffff;\n}\n<\/style>\n<div  class='avia-image-container av-m0p4sn11-f8dbafcc07e8bd825978f5d11bbe3455 av-styling-no-styling avia-align-center  avia-builder-el-7  el_after_av_hr  el_before_av_one_full '   itemprop=\"image\" itemscope=\"itemscope\" itemtype=\"https:\/\/schema.org\/ImageObject\" ><div class=\"avia-image-container-inner\"><div class=\"avia-image-overlay-wrap\"><img decoding=\"async\" fetchpriority=\"high\" class='wp-image-4989 avia-img-lazy-loading-not-4989 avia_image ' src=\"https:\/\/llimonacasa.com\/wp-content\/uploads\/2024\/09\/pepe_jordi_xs.png\" alt='' title='pepe_jordi_xs'  height=\"525\" width=\"1200\"  itemprop=\"thumbnailUrl\" srcset=\"https:\/\/llimonacasa.com\/wp-content\/uploads\/2024\/09\/pepe_jordi_xs.png 1200w, https:\/\/llimonacasa.com\/wp-content\/uploads\/2024\/09\/pepe_jordi_xs-300x131.png 300w, https:\/\/llimonacasa.com\/wp-content\/uploads\/2024\/09\/pepe_jordi_xs-1030x451.png 1030w, https:\/\/llimonacasa.com\/wp-content\/uploads\/2024\/09\/pepe_jordi_xs-768x336.png 768w, https:\/\/llimonacasa.com\/wp-content\/uploads\/2024\/09\/pepe_jordi_xs-705x308.png 705w\" sizes=\"(max-width: 1200px) 100vw, 1200px\" \/><\/div><\/div><\/div>\n\n<style type=\"text\/css\" data-created_by=\"avia_inline_auto\" id=\"style-css-av-m0p5f52s-b1895cdc066c25fea8a47bb8fc19436c\">\n.flex_column.av-m0p5f52s-b1895cdc066c25fea8a47bb8fc19436c{\npadding:0 15px 0 15px;\n}\n<\/style>\n<div  class='flex_column av-m0p5f52s-b1895cdc066c25fea8a47bb8fc19436c av_one_full  avia-builder-el-8  el_after_av_image  avia-builder-el-last  first no_margin flex_column_div  '     ><style type=\"text\/css\" data-created_by=\"avia_inline_auto\" id=\"style-css-av-3q8168-46a50ede6981e345de955e81d1d76672\">\n#top .av_textblock_section.av-3q8168-46a50ede6981e345de955e81d1d76672 .avia_textblock{\nfont-size:16px;\n}\n<\/style>\n<section  id=\"text-mobile\"  class='av_textblock_section av-3q8168-46a50ede6981e345de955e81d1d76672 '   itemscope=\"itemscope\" itemtype=\"https:\/\/schema.org\/CreativeWork\" ><div class='avia_textblock'  itemprop=\"text\" ><p>fond\u00e9 en 2020 par Jordi Aguilar et Pepe Torres, Ilimona.casa est un studio de design d&rsquo;int\u00e9rieur et de d\u00e9coration bas\u00e9 dans le Baix Empord\u00e0 dont l&rsquo;objectif principal est le design intemporel pour les espaces r\u00e9sidentiels et commerciaux, leur travail entrelace des \u00e9l\u00e9ments fonctionnels avec des touches contemporaines et artisanales<\/p>\n<blockquote>\n<p>\u00ab\u00a0chez <strong>llimona.casa<\/strong>, nous transformons les maisons et les entreprises en espaces uniques\u00a0\u00bb<\/p>\n<\/blockquote>\n<\/div><\/section><\/div><\/div><\/div><\/div><!-- close content main div --><\/div><\/div><\/div><div id='av-layout-grid-1'  class='av-layout-grid-container av-m0b4hvtj-9f8cc2beff87f94c7a39150f0d776fa3 entry-content-wrapper main_color av-flex-cells  avia-builder-el-10  el_after_av_section  el_before_av_layout_row  grid-row-not-first av-medium-hide av-small-hide av-mini-hide container_wrap fullsize'  >\n\n<style type=\"text\/css\" data-created_by=\"avia_inline_auto\" id=\"style-css-av-2qo8n4-cee87dca9d11c76e220ca25ba3ccfed6\">\n.flex_cell.av-2qo8n4-cee87dca9d11c76e220ca25ba3ccfed6{\nvertical-align:top;\nheight:30px;\nmin-height:30px;\n}\n.responsive #top #wrap_all .flex_cell.av-2qo8n4-cee87dca9d11c76e220ca25ba3ccfed6{\npadding:0px 0px 0px 0px !important;\n}\n<\/style>\n<div class='flex_cell av-2qo8n4-cee87dca9d11c76e220ca25ba3ccfed6 av-gridrow-cell av_one_full no_margin  avia-builder-el-11  avia-builder-el-no-sibling  av-zero-padding'  ><div class='flex_cell_inner'><\/div><\/div>\n<\/div><\/p>\n<div id='av-layout-grid-2'  class='av-layout-grid-container av-lzwflx0d-d4c9215b11ff96d4938e11dda69b5b30 entry-content-wrapper main_color av-border-cells av-flex-cells  avia-builder-el-12  el_after_av_layout_row  el_before_av_layout_row  av-cell-min-height av-cell-min-height-50 grid-row-not-first av-medium-hide av-small-hide av-mini-hide container_wrap fullsize'   data-av_minimum_height_pc='50'>\n\n<style type=\"text\/css\" data-created_by=\"avia_inline_auto\" id=\"style-css-av-6jdd4w-6705aab8e6accdb5a257b2f62d7e84c1\">\n.flex_cell.av-6jdd4w-6705aab8e6accdb5a257b2f62d7e84c1{\nvertical-align:top;\n}\n.responsive #top #wrap_all .flex_cell.av-6jdd4w-6705aab8e6accdb5a257b2f62d7e84c1{\npadding:60px 60px 60px 60px !important;\n}\n<\/style>\n<div class='flex_cell av-6jdd4w-6705aab8e6accdb5a257b2f62d7e84c1 av-gridrow-cell av_one_third no_margin  avia-builder-el-13  el_before_av_cell_one_third  avia-builder-el-first '  ><div class='flex_cell_inner'><section  class='av_textblock_section av-lzwg2wxb-da35323e83ecc0a6c1d4afacba34b06b '   itemscope=\"itemscope\" itemtype=\"https:\/\/schema.org\/CreativeWork\" ><div class='avia_textblock'  itemprop=\"text\" ><h2>design globale<\/h2>\n<p>nous utilisons la narration \u00e0 travers les formes, les textures, les couleurs et les mat\u00e9riaux pour traduire les d\u00e9sirs de nos clients.<\/p>\n<p>nous conseillons des projets priv\u00e9s et r\u00e9sidentiels du d\u00e9but \u00e0 la fin, en fournissant des solutions de design int\u00e9gr\u00e9es ainsi que des conseils et un soutien ad hoc cr\u00e9ant une harmonie entre l&rsquo;architecture, le paysage et le design d&rsquo;int\u00e9rieur.<\/p>\n<p>nous aimons le m\u00e9lange de pi\u00e8ces modernes, d&rsquo;objets artisanaux et d&rsquo;antiquit\u00e9s s\u00e9lectionn\u00e9es avec soin<\/p>\n<\/div><\/section>\n<\/div><\/div>\n<style type=\"text\/css\" data-created_by=\"avia_inline_auto\" id=\"style-css-av-4tln4g-2b54e81a77383a5a5cd84347292135e4\">\n.flex_cell.av-4tln4g-2b54e81a77383a5a5cd84347292135e4{\nvertical-align:top;\n}\n.responsive #top #wrap_all .flex_cell.av-4tln4g-2b54e81a77383a5a5cd84347292135e4{\npadding:60px 60px 60px 60px !important;\n}\n<\/style>\n<div class='flex_cell av-4tln4g-2b54e81a77383a5a5cd84347292135e4 av-gridrow-cell av_one_third no_margin  avia-builder-el-15  el_after_av_cell_one_third  el_before_av_cell_one_third '  ><div class='flex_cell_inner'><section  class='av_textblock_section av-lzwg68iu-e993de4e54825ca4662a476cb5d2a6bc '   itemscope=\"itemscope\" itemtype=\"https:\/\/schema.org\/CreativeWork\" ><div class='avia_textblock'  itemprop=\"text\" ><h2>design d&rsquo;int\u00e9rieur<\/h2>\n<p>nous d\u00e9veloppons des projets d&rsquo;am\u00e9nagement et de d\u00e9coration d&rsquo;int\u00e9rieur dans le secteur r\u00e9sidentiel ou commercial pour en faire des espaces uniques.<\/p>\n<p>nous \u00e9laborons des projets qui comprennent une vision globale dans laquelle tous les \u00e9l\u00e9ments de l&rsquo;int\u00e9rieur, du mobilier et de la d\u00e9coration sont pris en compte, \u00e0 la recherche d&rsquo;un r\u00e9sultat esth\u00e9tique, fonctionnel et harmonieux.<\/p>\n<p>nous \u00e9tablissons une communication fluide et personnelle avec nos clients afin de comprendre leurs besoins et leurs souhaits<\/p>\n<\/div><\/section>\n<\/div><\/div>\n<style type=\"text\/css\" data-created_by=\"avia_inline_auto\" id=\"style-css-av-f9esg-3d5d1048b940e7e3bf4f013f687eac21\">\n.flex_cell.av-f9esg-3d5d1048b940e7e3bf4f013f687eac21{\nvertical-align:top;\n}\n.responsive #top #wrap_all .flex_cell.av-f9esg-3d5d1048b940e7e3bf4f013f687eac21{\npadding:60px 60px 60px 60px !important;\n}\n<\/style>\n<div class='flex_cell av-f9esg-3d5d1048b940e7e3bf4f013f687eac21 av-gridrow-cell av_one_third no_margin  avia-builder-el-17  el_after_av_cell_one_third  avia-builder-el-last '  ><div class='flex_cell_inner'><section  class='av_textblock_section av-lzwg6s7b-bc67453cfc9e2ccf03d54f9819d090d3 '   itemscope=\"itemscope\" itemtype=\"https:\/\/schema.org\/CreativeWork\" ><div class='avia_textblock'  itemprop=\"text\" ><h2>conception du produit<\/h2>\n<p>Chez Ilimona.casa, nous accordons une grande importance \u00e0 l&rsquo;\u00e9troite collaboration avec les industriels et les artisans locaux. Nous pensons que cette synergie enrichit non seulement nos projets, mais qu&rsquo;elle favorise \u00e9galement la durabilit\u00e9 et l&rsquo;authenticit\u00e9 de chaque conception.<\/p>\n<p>nous d\u00e9veloppons des produits uniques sur mesure, nous explorons les textures, les couleurs et les formes en utilisant des mat\u00e9riaux naturels et durables<\/p>\n<\/div><\/section>\n<\/div><\/div>\n<\/div>\n<div id='av-layout-grid-3'  class='av-layout-grid-container av-m0p5bdz9-f3b22dc87ea75def8349fbcdf06f6029 entry-content-wrapper main_color av-flex-cells  avia-builder-el-19  el_after_av_layout_row  el_before_av_layout_row  av-cell-min-height av-cell-min-height-50 grid-row-not-first av-desktop-hide container_wrap fullsize'   data-av_minimum_height_pc='50'>\n\n<style type=\"text\/css\" data-created_by=\"avia_inline_auto\" id=\"style-css-av-auazw0-e000e77ac368aa70112604def9b7e484\">\n.flex_cell.av-auazw0-e000e77ac368aa70112604def9b7e484{\nvertical-align:top;\n}\n.responsive #top #wrap_all .flex_cell.av-auazw0-e000e77ac368aa70112604def9b7e484{\npadding:60px 60px 60px 60px !important;\n}\n<\/style>\n<div class='flex_cell av-auazw0-e000e77ac368aa70112604def9b7e484 av-gridrow-cell av_one_third no_margin  avia-builder-el-20  el_before_av_cell_one_third  avia-builder-el-first '  ><div class='flex_cell_inner'><section  class='av_textblock_section av-9vvhz4-0828b08346b2843c1fa3c8558fd353e7 '   itemscope=\"itemscope\" itemtype=\"https:\/\/schema.org\/CreativeWork\" ><div class='avia_textblock'  itemprop=\"text\" ><h2>design globale<\/h2>\n<p>nous utilisons la narration \u00e0 travers les formes, les textures, les couleurs et les mat\u00e9riaux pour traduire les d\u00e9sirs de nos clients.<\/p>\n<p>nous conseillons des projets priv\u00e9s et r\u00e9sidentiels du d\u00e9but \u00e0 la fin, en fournissant des solutions de design int\u00e9gr\u00e9es ainsi que des conseils et un soutien ad hoc cr\u00e9ant une harmonie entre l&rsquo;architecture, le paysage et le design d&rsquo;int\u00e9rieur.<\/p>\n<p>nous aimons le m\u00e9lange de pi\u00e8ces modernes, d&rsquo;objets artisanaux et d&rsquo;antiquit\u00e9s s\u00e9lectionn\u00e9es avec soin<\/p>\n<\/div><\/section>\n<\/div><\/div>\n<style type=\"text\/css\" data-created_by=\"avia_inline_auto\" id=\"style-css-av-7jpnwg-e669fa5ff7bee01942d5d06043f48187\">\n.flex_cell.av-7jpnwg-e669fa5ff7bee01942d5d06043f48187{\nvertical-align:top;\n}\n.responsive #top #wrap_all .flex_cell.av-7jpnwg-e669fa5ff7bee01942d5d06043f48187{\npadding:60px 60px 60px 60px !important;\n}\n<\/style>\n<div class='flex_cell av-7jpnwg-e669fa5ff7bee01942d5d06043f48187 av-gridrow-cell av_one_third no_margin  avia-builder-el-22  el_after_av_cell_one_third  el_before_av_cell_one_third '  ><div class='flex_cell_inner'><section  class='av_textblock_section av-67q4jk-1b3342c7dc706a6f75ff72309479d457 '   itemscope=\"itemscope\" itemtype=\"https:\/\/schema.org\/CreativeWork\" ><div class='avia_textblock'  itemprop=\"text\" ><h2>design d&rsquo;int\u00e9rieur<\/h2>\n<p>nous d\u00e9veloppons des projets d&rsquo;am\u00e9nagement et de d\u00e9coration d&rsquo;int\u00e9rieur dans le secteur r\u00e9sidentiel ou commercial pour en faire des espaces uniques.<\/p>\n<p>nous \u00e9laborons des projets qui comprennent une vision globale dans laquelle tous les \u00e9l\u00e9ments de l&rsquo;int\u00e9rieur, du mobilier et de la d\u00e9coration sont pris en compte, \u00e0 la recherche d&rsquo;un r\u00e9sultat esth\u00e9tique, fonctionnel et harmonieux.<\/p>\n<p>nous \u00e9tablissons une communication fluide et personnelle avec nos clients afin de comprendre leurs besoins et leurs souhaits<\/p>\n<\/div><\/section>\n<\/div><\/div>\n<style type=\"text\/css\" data-created_by=\"avia_inline_auto\" id=\"style-css-av-3h5tcg-978d05570914019ed0f9fe2100e90c20\">\n.flex_cell.av-3h5tcg-978d05570914019ed0f9fe2100e90c20{\nvertical-align:top;\n}\n.responsive #top #wrap_all .flex_cell.av-3h5tcg-978d05570914019ed0f9fe2100e90c20{\npadding:60px 60px 60px 60px !important;\n}\n<\/style>\n<div class='flex_cell av-3h5tcg-978d05570914019ed0f9fe2100e90c20 av-gridrow-cell av_one_third no_margin  avia-builder-el-24  el_after_av_cell_one_third  avia-builder-el-last '  ><div class='flex_cell_inner'><section  class='av_textblock_section av-30slxc-5f2eef8bd1d2316d760f30efd1a34ea4 '   itemscope=\"itemscope\" itemtype=\"https:\/\/schema.org\/CreativeWork\" ><div class='avia_textblock'  itemprop=\"text\" ><h2>conception du produit<\/h2>\n<p>Chez Ilimona.casa, nous accordons une grande importance \u00e0 l&rsquo;\u00e9troite collaboration avec les industriels et les artisans locaux. Nous pensons que cette synergie enrichit non seulement nos projets, mais qu&rsquo;elle favorise \u00e9galement la durabilit\u00e9 et l&rsquo;authenticit\u00e9 de chaque conception.<\/p>\n<p>nous d\u00e9veloppons des produits uniques sur mesure, nous explorons les textures, les couleurs et les formes en utilisant des mat\u00e9riaux naturels et durables<\/p>\n<\/div><\/section>\n<\/div><\/div>\n<\/div>\n<div id='av-layout-grid-4'  class='av-layout-grid-container av-414wow-db8e7126fd3d8d23158e65443b0fe87d entry-content-wrapper main_color av-flex-cells  avia-builder-el-26  el_after_av_layout_row  avia-builder-el-last  grid-row-not-first  container_wrap fullsize'  >\n\n<style type=\"text\/css\" data-created_by=\"avia_inline_auto\" id=\"style-css-av-2elkhs-a5cd829e9de81af85008a19b97e90d1f\">\n.flex_cell.av-2elkhs-a5cd829e9de81af85008a19b97e90d1f{\nvertical-align:top;\nheight:30px;\nmin-height:30px;\n}\n.responsive #top #wrap_all .flex_cell.av-2elkhs-a5cd829e9de81af85008a19b97e90d1f{\npadding:0px 0px 0px 0px !important;\n}\n<\/style>\n<div class='flex_cell av-2elkhs-a5cd829e9de81af85008a19b97e90d1f av-gridrow-cell av_one_full no_margin  avia-builder-el-27  avia-builder-el-no-sibling  av-zero-padding'  ><div class='flex_cell_inner'><\/div><\/div>\n<\/div>\n","protected":false},"excerpt":{"rendered":"","protected":false},"author":1,"featured_media":0,"parent":0,"menu_order":0,"comment_status":"closed","ping_status":"closed","template":"","meta":{"footnotes":""},"class_list":["post-4871","page","type-page","status-publish","hentry"],"_links":{"self":[{"href":"https:\/\/llimonacasa.com\/fr\/wp-json\/wp\/v2\/pages\/4871"}],"collection":[{"href":"https:\/\/llimonacasa.com\/fr\/wp-json\/wp\/v2\/pages"}],"about":[{"href":"https:\/\/llimonacasa.com\/fr\/wp-json\/wp\/v2\/types\/page"}],"author":[{"embeddable":true,"href":"https:\/\/llimonacasa.com\/fr\/wp-json\/wp\/v2\/users\/1"}],"replies":[{"embeddable":true,"href":"https:\/\/llimonacasa.com\/fr\/wp-json\/wp\/v2\/comments?post=4871"}],"version-history":[{"count":8,"href":"https:\/\/llimonacasa.com\/fr\/wp-json\/wp\/v2\/pages\/4871\/revisions"}],"predecessor-version":[{"id":4994,"href":"https:\/\/llimonacasa.com\/fr\/wp-json\/wp\/v2\/pages\/4871\/revisions\/4994"}],"wp:attachment":[{"href":"https:\/\/llimonacasa.com\/fr\/wp-json\/wp\/v2\/media?parent=4871"}],"curies":[{"name":"wp","href":"https:\/\/api.w.org\/{rel}","templated":true}]}}